{"id":208,"date":"2025-05-15T07:27:14","date_gmt":"2025-05-15T07:27:14","guid":{"rendered":"https:\/\/euromirror.se\/?page_id=208"},"modified":"2025-05-15T11:02:43","modified_gmt":"2025-05-15T11:02:43","slug":"speglar","status":"publish","type":"page","link":"https:\/\/euromirror.se\/?page_id=208","title":{"rendered":"Speglar"},"content":{"rendered":"\t\t<div data-elementor-type=\"wp-page\" data-elementor-id=\"208\" class=\"elementor elementor-208\" data-elementor-post-type=\"page\">\n\t\t\t\t<div class=\"elementor-element elementor-element-08a1671 e-flex e-con-boxed e-con e-parent\" data-id=\"08a1671\" data-element_type=\"container\">\n\t\t\t\t\t<div class=\"e-con-inner\">\n\t\t\t\t<div class=\"elementor-element elementor-element-45013c2 elementor-widget elementor-widget-heading\" data-id=\"45013c2\" data-element_type=\"widget\" data-widget_type=\"heading.default\">\n\t\t\t\t<div class=\"elementor-widget-container\">\n\t\t\t\t\t<h2 class=\"elementor-heading-title elementor-size-default\">V\u00e5ra speglar<\/h2>\t\t\t\t<\/div>\n\t\t\t\t<\/div>\n\t\t\t\t<div class=\"elementor-element elementor-element-453471b elementor-widget elementor-widget-text-editor\" data-id=\"453471b\" data-element_type=\"widget\" data-widget_type=\"text-editor.default\">\n\t\t\t\t<div class=\"elementor-widget-container\">\n\t\t\t\t\t\t\t\t\t<p>Se v\u00e5rt utbud av speglar nedan. Klicka p\u00e5 bilden f\u00f6r att l\u00e4sa mer<\/p>\t\t\t\t\t\t\t\t<\/div>\n\t\t\t\t<\/div>\n\t\t\t\t\t<\/div>\n\t\t\t\t<\/div>\n\t\t<div class=\"elementor-element elementor-element-9ed34c2 e-con-full e-flex e-con e-parent\" data-id=\"9ed34c2\" data-element_type=\"container\">\n\t\t<a class=\"elementor-element elementor-element-7b1fdc8 e-con-full e-transform e-flex elementor-invisible e-con e-child\" data-id=\"7b1fdc8\" data-element_type=\"container\" data-settings=\"{&quot;background_background&quot;:&quot;classic&quot;,&quot;_transform_scale_effect_hover&quot;:{&quot;unit&quot;:&quot;px&quot;,&quot;size&quot;:1.03,&quot;sizes&quot;:[]},&quot;animation&quot;:&quot;zoomIn&quot;,&quot;animation_delay&quot;:100,&quot;_transform_scale_effect_hover_tablet&quot;:{&quot;unit&quot;:&quot;px&quot;,&quot;size&quot;:&quot;&quot;,&quot;sizes&quot;:[]},&quot;_transform_scale_effect_hover_mobile&quot;:{&quot;unit&quot;:&quot;px&quot;,&quot;size&quot;:&quot;&quot;,&quot;sizes&quot;:[]}}\" href=\"https:\/\/euromirror.se\/?page_id=119\">\n\t\t\t\t<div class=\"elementor-element elementor-element-2ce2199 elementor-widget elementor-widget-heading\" data-id=\"2ce2199\" data-element_type=\"widget\" data-widget_type=\"heading.default\">\n\t\t\t\t<div class=\"elementor-widget-container\">\n\t\t\t\t\t<h2 class=\"elementor-heading-title elementor-size-default\">TRAFIKSPEGLAR<\/h2>\t\t\t\t<\/div>\n\t\t\t\t<\/div>\n\t\t\t\t<\/a>\n\t\t<a class=\"elementor-element elementor-element-b01fa1c e-con-full e-transform e-flex elementor-invisible e-con e-child\" data-id=\"b01fa1c\" data-element_type=\"container\" data-settings=\"{&quot;background_background&quot;:&quot;classic&quot;,&quot;_transform_scale_effect_hover&quot;:{&quot;unit&quot;:&quot;px&quot;,&quot;size&quot;:1.03,&quot;sizes&quot;:[]},&quot;animation&quot;:&quot;zoomIn&quot;,&quot;animation_delay&quot;:300,&quot;_transform_scale_effect_hover_tablet&quot;:{&quot;unit&quot;:&quot;px&quot;,&quot;size&quot;:&quot;&quot;,&quot;sizes&quot;:[]},&quot;_transform_scale_effect_hover_mobile&quot;:{&quot;unit&quot;:&quot;px&quot;,&quot;size&quot;:&quot;&quot;,&quot;sizes&quot;:[]}}\" href=\"https:\/\/euromirror.se\/?page_id=187\">\n\t\t\t\t<div class=\"elementor-element elementor-element-196ab50 elementor-widget elementor-widget-heading\" data-id=\"196ab50\" data-element_type=\"widget\" data-widget_type=\"heading.default\">\n\t\t\t\t<div class=\"elementor-widget-container\">\n\t\t\t\t\t<h2 class=\"elementor-heading-title elementor-size-default\">INDUSTRISPEGLAR<\/h2>\t\t\t\t<\/div>\n\t\t\t\t<\/div>\n\t\t\t\t<\/a>\n\t\t<a class=\"elementor-element elementor-element-d20a44f e-con-full e-transform e-flex elementor-invisible e-con e-child\" data-id=\"d20a44f\" data-element_type=\"container\" data-settings=\"{&quot;background_background&quot;:&quot;classic&quot;,&quot;_transform_scale_effect_hover&quot;:{&quot;unit&quot;:&quot;px&quot;,&quot;size&quot;:1.03,&quot;sizes&quot;:[]},&quot;animation&quot;:&quot;zoomIn&quot;,&quot;animation_delay&quot;:500,&quot;_transform_scale_effect_hover_tablet&quot;:{&quot;unit&quot;:&quot;px&quot;,&quot;size&quot;:&quot;&quot;,&quot;sizes&quot;:[]},&quot;_transform_scale_effect_hover_mobile&quot;:{&quot;unit&quot;:&quot;px&quot;,&quot;size&quot;:&quot;&quot;,&quot;sizes&quot;:[]}}\" href=\"https:\/\/euromirror.se\/?page_id=220\">\n\t\t\t\t<div class=\"elementor-element elementor-element-5ed5c52 elementor-widget elementor-widget-heading\" data-id=\"5ed5c52\" data-element_type=\"widget\" data-widget_type=\"heading.default\">\n\t\t\t\t<div class=\"elementor-widget-container\">\n\t\t\t\t\t<h2 class=\"elementor-heading-title elementor-size-default\">BUTIKSPEGLAR<\/h2>\t\t\t\t<\/div>\n\t\t\t\t<\/div>\n\t\t\t\t<\/a>\n\t\t\t\t<\/div>\n\t\t<div class=\"elementor-element elementor-element-c801979 e-con-full e-flex e-con e-parent\" data-id=\"c801979\" data-element_type=\"container\">\n\t\t<a class=\"elementor-element elementor-element-766ba9c e-con-full e-transform e-flex elementor-invisible e-con e-child\" data-id=\"766ba9c\" data-element_type=\"container\" data-settings=\"{&quot;background_background&quot;:&quot;classic&quot;,&quot;_transform_scale_effect_hover&quot;:{&quot;unit&quot;:&quot;px&quot;,&quot;size&quot;:1.03,&quot;sizes&quot;:[]},&quot;animation&quot;:&quot;zoomIn&quot;,&quot;animation_delay&quot;:700,&quot;_transform_scale_effect_hover_tablet&quot;:{&quot;unit&quot;:&quot;px&quot;,&quot;size&quot;:&quot;&quot;,&quot;sizes&quot;:[]},&quot;_transform_scale_effect_hover_mobile&quot;:{&quot;unit&quot;:&quot;px&quot;,&quot;size&quot;:&quot;&quot;,&quot;sizes&quot;:[]}}\" href=\"https:\/\/euromirror.se\/?page_id=256\">\n\t\t\t\t<div class=\"elementor-element elementor-element-72d12d9 elementor-widget elementor-widget-heading\" data-id=\"72d12d9\" data-element_type=\"widget\" data-widget_type=\"heading.default\">\n\t\t\t\t<div class=\"elementor-widget-container\">\n\t\t\t\t\t<h2 class=\"elementor-heading-title elementor-size-default\">SPEGELKUPOLER<\/h2>\t\t\t\t<\/div>\n\t\t\t\t<\/div>\n\t\t\t\t<\/a>\n\t\t<a class=\"elementor-element elementor-element-c8e7df9 e-con-full e-transform e-flex elementor-invisible e-con e-child\" data-id=\"c8e7df9\" data-element_type=\"container\" data-settings=\"{&quot;background_background&quot;:&quot;classic&quot;,&quot;_transform_scale_effect_hover&quot;:{&quot;unit&quot;:&quot;px&quot;,&quot;size&quot;:1.03,&quot;sizes&quot;:[]},&quot;animation&quot;:&quot;zoomIn&quot;,&quot;animation_delay&quot;:900,&quot;_transform_scale_effect_hover_tablet&quot;:{&quot;unit&quot;:&quot;px&quot;,&quot;size&quot;:&quot;&quot;,&quot;sizes&quot;:[]},&quot;_transform_scale_effect_hover_mobile&quot;:{&quot;unit&quot;:&quot;px&quot;,&quot;size&quot;:&quot;&quot;,&quot;sizes&quot;:[]}}\" href=\"https:\/\/euromirror.se\/?page_id=334\">\n\t\t\t\t<div class=\"elementor-element elementor-element-7705cb9 elementor-widget elementor-widget-heading\" data-id=\"7705cb9\" data-element_type=\"widget\" data-widget_type=\"heading.default\">\n\t\t\t\t<div class=\"elementor-widget-container\">\n\t\t\t\t\t<h2 class=\"elementor-heading-title elementor-size-default\">GLAS-SPEGLAR<\/h2>\t\t\t\t<\/div>\n\t\t\t\t<\/div>\n\t\t\t\t<\/a>\n\t\t<a class=\"elementor-element elementor-element-abd5742 e-con-full e-transform e-flex elementor-invisible e-con e-child\" data-id=\"abd5742\" data-element_type=\"container\" data-settings=\"{&quot;background_background&quot;:&quot;classic&quot;,&quot;_transform_scale_effect_hover&quot;:{&quot;unit&quot;:&quot;px&quot;,&quot;size&quot;:1.03,&quot;sizes&quot;:[]},&quot;animation&quot;:&quot;zoomIn&quot;,&quot;animation_delay&quot;:1100,&quot;_transform_scale_effect_hover_tablet&quot;:{&quot;unit&quot;:&quot;px&quot;,&quot;size&quot;:&quot;&quot;,&quot;sizes&quot;:[]},&quot;_transform_scale_effect_hover_mobile&quot;:{&quot;unit&quot;:&quot;px&quot;,&quot;size&quot;:&quot;&quot;,&quot;sizes&quot;:[]}}\" href=\"https:\/\/euromirror.se\/?page_id=355\">\n\t\t\t\t<div class=\"elementor-element elementor-element-cef7d82 elementor-widget elementor-widget-heading\" data-id=\"cef7d82\" data-element_type=\"widget\" data-widget_type=\"heading.default\">\n\t\t\t\t<div class=\"elementor-widget-container\">\n\t\t\t\t\t<h2 class=\"elementor-heading-title elementor-size-default\">\u00d6VRIGA SPEGLAR<\/h2>\t\t\t\t<\/div>\n\t\t\t\t<\/div>\n\t\t\t\t<\/a>\n\t\t\t\t<\/div>\n\t\t<div class=\"elementor-element elementor-element-ac0b89b e-con-full e-flex e-con e-parent\" data-id=\"ac0b89b\" data-element_type=\"container\" data-settings=\"{&quot;background_background&quot;:&quot;classic&quot;}\">\n\t\t<div class=\"elementor-element elementor-element-0ae4ee5 e-con-full e-flex e-con e-child\" data-id=\"0ae4ee5\" data-element_type=\"container\">\n\t\t\t\t<div class=\"elementor-element elementor-element-1a4e2d7 elementor-widget elementor-widget-heading\" data-id=\"1a4e2d7\" data-element_type=\"widget\" data-widget_type=\"heading.default\">\n\t\t\t\t<div class=\"elementor-widget-container\">\n\t\t\t\t\t<h2 class=\"elementor-heading-title elementor-size-default\">Vill du beg\u00e4ra offert f\u00f6r spegel?<\/h2>\t\t\t\t<\/div>\n\t\t\t\t<\/div>\n\t\t\t\t<\/div>\n\t\t<div class=\"elementor-element elementor-element-a8771f7 e-con-full e-flex e-con e-child\" data-id=\"a8771f7\" data-element_type=\"container\">\n\t\t\t\t<div class=\"elementor-element elementor-element-e1fe4aa elementor-view-default elementor-widget elementor-widget-icon\" data-id=\"e1fe4aa\" data-element_type=\"widget\" data-settings=\"{&quot;motion_fx_motion_fx_scrolling&quot;:&quot;yes&quot;,&quot;motion_fx_translateX_effect&quot;:&quot;yes&quot;,&quot;motion_fx_translateX_direction&quot;:&quot;negative&quot;,&quot;motion_fx_translateX_speed&quot;:{&quot;unit&quot;:&quot;px&quot;,&quot;size&quot;:1.4,&quot;sizes&quot;:[]},&quot;motion_fx_translateX_affectedRange&quot;:{&quot;unit&quot;:&quot;%&quot;,&quot;size&quot;:&quot;&quot;,&quot;sizes&quot;:{&quot;start&quot;:0,&quot;end&quot;:78}},&quot;motion_fx_devices&quot;:[&quot;desktop&quot;,&quot;tablet&quot;,&quot;mobile&quot;]}\" data-widget_type=\"icon.default\">\n\t\t\t\t<div class=\"elementor-widget-container\">\n\t\t\t\t\t\t\t<div class=\"elementor-icon-wrapper\">\n\t\t\t<div class=\"elementor-icon\">\n\t\t\t<i aria-hidden=\"true\" class=\"icon icon-arrow-right\"><\/i>\t\t\t<\/div>\n\t\t<\/div>\n\t\t\t\t\t\t<\/div>\n\t\t\t\t<\/div>\n\t\t\t\t<\/div>\n\t\t<div class=\"elementor-element elementor-element-e3c0875 e-con-full e-flex e-con e-child\" data-id=\"e3c0875\" data-element_type=\"container\">\n\t\t\t\t<div class=\"elementor-element elementor-element-7f91fef elementor-align-right elementor-widget elementor-widget-button\" data-id=\"7f91fef\" data-element_type=\"widget\" data-widget_type=\"button.default\">\n\t\t\t\t<div class=\"elementor-widget-container\">\n\t\t\t\t\t\t\t\t\t<div class=\"elementor-button-wrapper\">\n\t\t\t\t\t<a class=\"elementor-button elementor-button-link elementor-size-sm\" href=\"https:\/\/euromirror.se\/?page_id=93\">\n\t\t\t\t\t\t<span class=\"elementor-button-content-wrapper\">\n\t\t\t\t\t\t\t\t\t<span class=\"elementor-button-text\">Beg\u00e4r offert<\/span>\n\t\t\t\t\t<\/span>\n\t\t\t\t\t<\/a>\n\t\t\t\t<\/div>\n\t\t\t\t\t\t\t\t<\/div>\n\t\t\t\t<\/div>\n\t\t\t\t<\/div>\n\t\t\t\t<\/div>\n\t\t\t\t<\/div>\n\t\t","protected":false},"excerpt":{"rendered":"<p>V\u00e5ra speglar Se v\u00e5rt utbud av speglar nedan. Klicka p\u00e5 bilden f\u00f6r att l\u00e4sa mer TRAFIKSPEGLAR INDUSTRISPEGLAR BUTIKSPEGLAR SPEGELKUPOLER GLAS-SPEGLAR [&hellip;]<\/p>\n","protected":false},"author":1,"featured_media":0,"parent":0,"menu_order":0,"comment_status":"closed","ping_status":"closed","template":"","meta":{"site-sidebar-layout":"no-sidebar","site-content-layout":"","ast-site-content-layout":"full-width-container","site-content-style":"default","site-sidebar-style":"default","ast-global-header-display":"","ast-banner-title-visibility":"","ast-main-header-display":"","ast-hfb-above-header-display":"","ast-hfb-below-header-display":"","ast-hfb-mobile-header-display":"","site-post-title":"disabled","ast-breadcrumbs-content":"","ast-featured-img":"disabled","footer-sml-layout":"","ast-disable-related-posts":"","theme-transparent-header-meta":"","adv-header-id-meta":"","stick-header-meta":"","header-above-stick-meta":"","header-main-stick-meta":"","header-below-stick-meta":"","astra-migrate-meta-layouts":"default","ast-page-background-enabled":"default","ast-page-background-meta":{"desktop":{"background-color":"var(--ast-global-color-5)","background-image":"","background-repeat":"repeat","background-position":"center center","background-size":"auto","background-attachment":"scroll","background-type":"","background-media":"","overlay-type":"","overlay-color":"","overlay-opacity":"","overlay-gradient":""},"tablet":{"background-color":"","background-image":"","background-repeat":"repeat","background-position":"center center","background-size":"auto","background-attachment":"scroll","background-type":"","background-media":"","overlay-type":"","overlay-color":"","overlay-opacity":"","overlay-gradient":""},"mobile":{"background-color":"","background-image":"","background-repeat":"repeat","background-position":"center center","background-size":"auto","background-attachment":"scroll","background-type":"","background-media":"","overlay-type":"","overlay-color":"","overlay-opacity":"","overlay-gradient":""}},"ast-content-background-meta":{"desktop":{"background-color":"var(--ast-global-color-4)","background-image":"","background-repeat":"repeat","background-position":"center center","background-size":"auto","background-attachment":"scroll","background-type":"","background-media":"","overlay-type":"","overlay-color":"","overlay-opacity":"","overlay-gradient":""},"tablet":{"background-color":"var(--ast-global-color-4)","background-image":"","background-repeat":"repeat","background-position":"center center","background-size":"auto","background-attachment":"scroll","background-type":"","background-media":"","overlay-type":"","overlay-color":"","overlay-opacity":"","overlay-gradient":""},"mobile":{"background-color":"var(--ast-global-color-4)","background-image":"","background-repeat":"repeat","background-position":"center center","background-size":"auto","background-attachment":"scroll","background-type":"","background-media":"","overlay-type":"","overlay-color":"","overlay-opacity":"","overlay-gradient":""}},"footnotes":""},"class_list":["post-208","page","type-page","status-publish","hentry"],"yoast_head":"<!-- This site is optimized with the Yoast SEO plugin v26.7 - https:\/\/yoast.com\/wordpress\/plugins\/seo\/ -->\n<title>Speglar - Euromirror<\/title>\n<meta name=\"robots\" content=\"index, follow, max-snippet:-1, max-image-preview:large, max-video-preview:-1\" \/>\n<link rel=\"canonical\" href=\"https:\/\/euromirror.hemsida.eu\/?page_id=208\" \/>\n<meta property=\"og:locale\" content=\"sv_SE\" \/>\n<meta property=\"og:type\" content=\"article\" \/>\n<meta property=\"og:title\" content=\"Speglar - Euromirror\" \/>\n<meta property=\"og:description\" content=\"V\u00e5ra speglar Se v\u00e5rt utbud av speglar nedan. Klicka p\u00e5 bilden f\u00f6r att l\u00e4sa mer TRAFIKSPEGLAR INDUSTRISPEGLAR BUTIKSPEGLAR SPEGELKUPOLER GLAS-SPEGLAR [&hellip;]\" \/>\n<meta property=\"og:url\" content=\"https:\/\/euromirror.hemsida.eu\/?page_id=208\" \/>\n<meta property=\"og:site_name\" content=\"Euromirror\" \/>\n<meta property=\"article:modified_time\" content=\"2025-05-15T11:02:43+00:00\" \/>\n<meta name=\"twitter:card\" content=\"summary_large_image\" \/>\n<meta name=\"twitter:label1\" content=\"Ber\u00e4knad l\u00e4stid\" \/>\n\t<meta name=\"twitter:data1\" content=\"1 minut\" \/>\n<script type=\"application\/ld+json\" class=\"yoast-schema-graph\">{\"@context\":\"https:\/\/schema.org\",\"@graph\":[{\"@type\":\"WebPage\",\"@id\":\"https:\/\/euromirror.hemsida.eu\/?page_id=208\",\"url\":\"https:\/\/euromirror.hemsida.eu\/?page_id=208\",\"name\":\"Speglar - Euromirror\",\"isPartOf\":{\"@id\":\"https:\/\/euromirror.hemsida.eu\/#website\"},\"datePublished\":\"2025-05-15T07:27:14+00:00\",\"dateModified\":\"2025-05-15T11:02:43+00:00\",\"breadcrumb\":{\"@id\":\"https:\/\/euromirror.hemsida.eu\/?page_id=208#breadcrumb\"},\"inLanguage\":\"sv-SE\",\"potentialAction\":[{\"@type\":\"ReadAction\",\"target\":[\"https:\/\/euromirror.hemsida.eu\/?page_id=208\"]}]},{\"@type\":\"BreadcrumbList\",\"@id\":\"https:\/\/euromirror.hemsida.eu\/?page_id=208#breadcrumb\",\"itemListElement\":[{\"@type\":\"ListItem\",\"position\":1,\"name\":\"Hem\",\"item\":\"https:\/\/euromirror.hemsida.eu\/\"},{\"@type\":\"ListItem\",\"position\":2,\"name\":\"Speglar\"}]},{\"@type\":\"WebSite\",\"@id\":\"https:\/\/euromirror.hemsida.eu\/#website\",\"url\":\"https:\/\/euromirror.hemsida.eu\/\",\"name\":\"Euromirror\",\"description\":\"\",\"publisher\":{\"@id\":\"https:\/\/euromirror.hemsida.eu\/#organization\"},\"potentialAction\":[{\"@type\":\"SearchAction\",\"target\":{\"@type\":\"EntryPoint\",\"urlTemplate\":\"https:\/\/euromirror.hemsida.eu\/?s={search_term_string}\"},\"query-input\":{\"@type\":\"PropertyValueSpecification\",\"valueRequired\":true,\"valueName\":\"search_term_string\"}}],\"inLanguage\":\"sv-SE\"},{\"@type\":\"Organization\",\"@id\":\"https:\/\/euromirror.hemsida.eu\/#organization\",\"name\":\"Euromirror\",\"url\":\"https:\/\/euromirror.hemsida.eu\/\",\"logo\":{\"@type\":\"ImageObject\",\"inLanguage\":\"sv-SE\",\"@id\":\"https:\/\/euromirror.hemsida.eu\/#\/schema\/logo\/image\/\",\"url\":\"https:\/\/euromirror.se\/wp-content\/uploads\/2025\/05\/cropped-Gibon-Router-2-e1747125349313.png\",\"contentUrl\":\"https:\/\/euromirror.se\/wp-content\/uploads\/2025\/05\/cropped-Gibon-Router-2-e1747125349313.png\",\"width\":992,\"height\":281,\"caption\":\"Euromirror\"},\"image\":{\"@id\":\"https:\/\/euromirror.hemsida.eu\/#\/schema\/logo\/image\/\"}}]}<\/script>\n<!-- \/ Yoast SEO plugin. -->","yoast_head_json":{"title":"Speglar - Euromirror","robots":{"index":"index","follow":"follow","max-snippet":"max-snippet:-1","max-image-preview":"max-image-preview:large","max-video-preview":"max-video-preview:-1"},"canonical":"https:\/\/euromirror.hemsida.eu\/?page_id=208","og_locale":"sv_SE","og_type":"article","og_title":"Speglar - Euromirror","og_description":"V\u00e5ra speglar Se v\u00e5rt utbud av speglar nedan. Klicka p\u00e5 bilden f\u00f6r att l\u00e4sa mer TRAFIKSPEGLAR INDUSTRISPEGLAR BUTIKSPEGLAR SPEGELKUPOLER GLAS-SPEGLAR [&hellip;]","og_url":"https:\/\/euromirror.hemsida.eu\/?page_id=208","og_site_name":"Euromirror","article_modified_time":"2025-05-15T11:02:43+00:00","twitter_card":"summary_large_image","twitter_misc":{"Ber\u00e4knad l\u00e4stid":"1 minut"},"schema":{"@context":"https:\/\/schema.org","@graph":[{"@type":"WebPage","@id":"https:\/\/euromirror.hemsida.eu\/?page_id=208","url":"https:\/\/euromirror.hemsida.eu\/?page_id=208","name":"Speglar - Euromirror","isPartOf":{"@id":"https:\/\/euromirror.hemsida.eu\/#website"},"datePublished":"2025-05-15T07:27:14+00:00","dateModified":"2025-05-15T11:02:43+00:00","breadcrumb":{"@id":"https:\/\/euromirror.hemsida.eu\/?page_id=208#breadcrumb"},"inLanguage":"sv-SE","potentialAction":[{"@type":"ReadAction","target":["https:\/\/euromirror.hemsida.eu\/?page_id=208"]}]},{"@type":"BreadcrumbList","@id":"https:\/\/euromirror.hemsida.eu\/?page_id=208#breadcrumb","itemListElement":[{"@type":"ListItem","position":1,"name":"Hem","item":"https:\/\/euromirror.hemsida.eu\/"},{"@type":"ListItem","position":2,"name":"Speglar"}]},{"@type":"WebSite","@id":"https:\/\/euromirror.hemsida.eu\/#website","url":"https:\/\/euromirror.hemsida.eu\/","name":"Euromirror","description":"","publisher":{"@id":"https:\/\/euromirror.hemsida.eu\/#organization"},"potentialAction":[{"@type":"SearchAction","target":{"@type":"EntryPoint","urlTemplate":"https:\/\/euromirror.hemsida.eu\/?s={search_term_string}"},"query-input":{"@type":"PropertyValueSpecification","valueRequired":true,"valueName":"search_term_string"}}],"inLanguage":"sv-SE"},{"@type":"Organization","@id":"https:\/\/euromirror.hemsida.eu\/#organization","name":"Euromirror","url":"https:\/\/euromirror.hemsida.eu\/","logo":{"@type":"ImageObject","inLanguage":"sv-SE","@id":"https:\/\/euromirror.hemsida.eu\/#\/schema\/logo\/image\/","url":"https:\/\/euromirror.se\/wp-content\/uploads\/2025\/05\/cropped-Gibon-Router-2-e1747125349313.png","contentUrl":"https:\/\/euromirror.se\/wp-content\/uploads\/2025\/05\/cropped-Gibon-Router-2-e1747125349313.png","width":992,"height":281,"caption":"Euromirror"},"image":{"@id":"https:\/\/euromirror.hemsida.eu\/#\/schema\/logo\/image\/"}}]}},"_links":{"self":[{"href":"https:\/\/euromirror.se\/index.php?rest_route=\/wp\/v2\/pages\/208","targetHints":{"allow":["GET"]}}],"collection":[{"href":"https:\/\/euromirror.se\/index.php?rest_route=\/wp\/v2\/pages"}],"about":[{"href":"https:\/\/euromirror.se\/index.php?rest_route=\/wp\/v2\/types\/page"}],"author":[{"embeddable":true,"href":"https:\/\/euromirror.se\/index.php?rest_route=\/wp\/v2\/users\/1"}],"replies":[{"embeddable":true,"href":"https:\/\/euromirror.se\/index.php?rest_route=%2Fwp%2Fv2%2Fcomments&post=208"}],"version-history":[{"count":31,"href":"https:\/\/euromirror.se\/index.php?rest_route=\/wp\/v2\/pages\/208\/revisions"}],"predecessor-version":[{"id":459,"href":"https:\/\/euromirror.se\/index.php?rest_route=\/wp\/v2\/pages\/208\/revisions\/459"}],"wp:attachment":[{"href":"https:\/\/euromirror.se\/index.php?rest_route=%2Fwp%2Fv2%2Fmedia&parent=208"}],"curies":[{"name":"wp","href":"https:\/\/api.w.org\/{rel}","templated":true}]}}