{"id":21,"date":"2025-05-08T09:10:46","date_gmt":"2025-05-08T09:10:46","guid":{"rendered":"https:\/\/euromirror.se\/?page_id=21"},"modified":"2025-05-16T07:54:35","modified_gmt":"2025-05-16T07:54:35","slug":"hem","status":"publish","type":"page","link":"https:\/\/euromirror.se\/","title":{"rendered":"Hem"},"content":{"rendered":"\t\t<div data-elementor-type=\"wp-page\" data-elementor-id=\"21\" class=\"elementor elementor-21\" data-elementor-post-type=\"page\">\n\t\t\t\t<div class=\"elementor-element elementor-element-b021969 e-con-full e-flex e-con e-parent\" data-id=\"b021969\" data-element_type=\"container\">\n\t\t<a class=\"elementor-element elementor-element-ba785aa e-con-full e-transform e-flex elementor-invisible e-con e-child\" data-id=\"ba785aa\" data-element_type=\"container\" data-settings=\"{&quot;background_background&quot;:&quot;classic&quot;,&quot;_transform_scale_effect_hover&quot;:{&quot;unit&quot;:&quot;px&quot;,&quot;size&quot;:1.03,&quot;sizes&quot;:[]},&quot;animation&quot;:&quot;zoomIn&quot;,&quot;animation_delay&quot;:100,&quot;_transform_scale_effect_hover_tablet&quot;:{&quot;unit&quot;:&quot;px&quot;,&quot;size&quot;:&quot;&quot;,&quot;sizes&quot;:[]},&quot;_transform_scale_effect_hover_mobile&quot;:{&quot;unit&quot;:&quot;px&quot;,&quot;size&quot;:&quot;&quot;,&quot;sizes&quot;:[]}}\" href=\"https:\/\/euromirror.se\/?page_id=119\">\n\t\t\t\t<div class=\"elementor-element elementor-element-1aa751e elementor-widget elementor-widget-heading\" data-id=\"1aa751e\" data-element_type=\"widget\" data-widget_type=\"heading.default\">\n\t\t\t\t<div class=\"elementor-widget-container\">\n\t\t\t\t\t<h2 class=\"elementor-heading-title elementor-size-default\">TRAFIKSPEGLAR<\/h2>\t\t\t\t<\/div>\n\t\t\t\t<\/div>\n\t\t\t\t<\/a>\n\t\t<a class=\"elementor-element elementor-element-ba879f7 e-con-full e-transform e-flex elementor-invisible e-con e-child\" data-id=\"ba879f7\" data-element_type=\"container\" data-settings=\"{&quot;background_background&quot;:&quot;classic&quot;,&quot;_transform_scale_effect_hover&quot;:{&quot;unit&quot;:&quot;px&quot;,&quot;size&quot;:1.03,&quot;sizes&quot;:[]},&quot;animation&quot;:&quot;zoomIn&quot;,&quot;animation_delay&quot;:300,&quot;_transform_scale_effect_hover_tablet&quot;:{&quot;unit&quot;:&quot;px&quot;,&quot;size&quot;:&quot;&quot;,&quot;sizes&quot;:[]},&quot;_transform_scale_effect_hover_mobile&quot;:{&quot;unit&quot;:&quot;px&quot;,&quot;size&quot;:&quot;&quot;,&quot;sizes&quot;:[]}}\" href=\"https:\/\/euromirror.se\/?page_id=187\">\n\t\t\t\t<div class=\"elementor-element elementor-element-edbd4c0 elementor-widget elementor-widget-heading\" data-id=\"edbd4c0\" data-element_type=\"widget\" data-widget_type=\"heading.default\">\n\t\t\t\t<div class=\"elementor-widget-container\">\n\t\t\t\t\t<h2 class=\"elementor-heading-title elementor-size-default\">INDUSTRISPEGLAR<\/h2>\t\t\t\t<\/div>\n\t\t\t\t<\/div>\n\t\t\t\t<\/a>\n\t\t<a class=\"elementor-element elementor-element-4ef194d e-con-full e-transform e-flex elementor-invisible e-con e-child\" data-id=\"4ef194d\" data-element_type=\"container\" data-settings=\"{&quot;background_background&quot;:&quot;classic&quot;,&quot;_transform_scale_effect_hover&quot;:{&quot;unit&quot;:&quot;px&quot;,&quot;size&quot;:1.03,&quot;sizes&quot;:[]},&quot;animation&quot;:&quot;zoomIn&quot;,&quot;animation_delay&quot;:500,&quot;_transform_scale_effect_hover_tablet&quot;:{&quot;unit&quot;:&quot;px&quot;,&quot;size&quot;:&quot;&quot;,&quot;sizes&quot;:[]},&quot;_transform_scale_effect_hover_mobile&quot;:{&quot;unit&quot;:&quot;px&quot;,&quot;size&quot;:&quot;&quot;,&quot;sizes&quot;:[]}}\" href=\"https:\/\/euromirror.se\/?page_id=220\">\n\t\t\t\t<div class=\"elementor-element elementor-element-c2f8e43 elementor-widget elementor-widget-heading\" data-id=\"c2f8e43\" data-element_type=\"widget\" data-widget_type=\"heading.default\">\n\t\t\t\t<div class=\"elementor-widget-container\">\n\t\t\t\t\t<h2 class=\"elementor-heading-title elementor-size-default\">BUTIKSPEGLAR<\/h2>\t\t\t\t<\/div>\n\t\t\t\t<\/div>\n\t\t\t\t<\/a>\n\t\t\t\t<\/div>\n\t\t<div class=\"elementor-element elementor-element-1fe17bb e-con-full e-flex e-con e-parent\" data-id=\"1fe17bb\" data-element_type=\"container\">\n\t\t<a class=\"elementor-element elementor-element-183c493 e-con-full e-transform e-flex elementor-invisible e-con e-child\" data-id=\"183c493\" data-element_type=\"container\" data-settings=\"{&quot;background_background&quot;:&quot;classic&quot;,&quot;_transform_scale_effect_hover&quot;:{&quot;unit&quot;:&quot;px&quot;,&quot;size&quot;:1.03,&quot;sizes&quot;:[]},&quot;animation&quot;:&quot;zoomIn&quot;,&quot;animation_delay&quot;:700,&quot;_transform_scale_effect_hover_tablet&quot;:{&quot;unit&quot;:&quot;px&quot;,&quot;size&quot;:&quot;&quot;,&quot;sizes&quot;:[]},&quot;_transform_scale_effect_hover_mobile&quot;:{&quot;unit&quot;:&quot;px&quot;,&quot;size&quot;:&quot;&quot;,&quot;sizes&quot;:[]}}\" href=\"https:\/\/euromirror.se\/?page_id=256\">\n\t\t\t\t<div class=\"elementor-element elementor-element-50f5fea elementor-widget elementor-widget-heading\" data-id=\"50f5fea\" data-element_type=\"widget\" data-widget_type=\"heading.default\">\n\t\t\t\t<div class=\"elementor-widget-container\">\n\t\t\t\t\t<h2 class=\"elementor-heading-title elementor-size-default\">SPEGELKUPOLER<\/h2>\t\t\t\t<\/div>\n\t\t\t\t<\/div>\n\t\t\t\t<\/a>\n\t\t<a class=\"elementor-element elementor-element-1320d0b e-con-full e-transform e-flex elementor-invisible e-con e-child\" data-id=\"1320d0b\" data-element_type=\"container\" data-settings=\"{&quot;background_background&quot;:&quot;classic&quot;,&quot;_transform_scale_effect_hover&quot;:{&quot;unit&quot;:&quot;px&quot;,&quot;size&quot;:1.03,&quot;sizes&quot;:[]},&quot;animation&quot;:&quot;zoomIn&quot;,&quot;animation_delay&quot;:900,&quot;_transform_scale_effect_hover_tablet&quot;:{&quot;unit&quot;:&quot;px&quot;,&quot;size&quot;:&quot;&quot;,&quot;sizes&quot;:[]},&quot;_transform_scale_effect_hover_mobile&quot;:{&quot;unit&quot;:&quot;px&quot;,&quot;size&quot;:&quot;&quot;,&quot;sizes&quot;:[]}}\" href=\"https:\/\/euromirror.se\/?page_id=334\">\n\t\t\t\t<div class=\"elementor-element elementor-element-043b248 elementor-widget elementor-widget-heading\" data-id=\"043b248\" data-element_type=\"widget\" data-widget_type=\"heading.default\">\n\t\t\t\t<div class=\"elementor-widget-container\">\n\t\t\t\t\t<h2 class=\"elementor-heading-title elementor-size-default\">GLAS-SPEGLAR<\/h2>\t\t\t\t<\/div>\n\t\t\t\t<\/div>\n\t\t\t\t<\/a>\n\t\t<a class=\"elementor-element elementor-element-8ce6bc8 e-con-full e-transform e-flex elementor-invisible e-con e-child\" data-id=\"8ce6bc8\" data-element_type=\"container\" data-settings=\"{&quot;background_background&quot;:&quot;classic&quot;,&quot;_transform_scale_effect_hover&quot;:{&quot;unit&quot;:&quot;px&quot;,&quot;size&quot;:1.03,&quot;sizes&quot;:[]},&quot;animation&quot;:&quot;zoomIn&quot;,&quot;animation_delay&quot;:1100,&quot;_transform_scale_effect_hover_tablet&quot;:{&quot;unit&quot;:&quot;px&quot;,&quot;size&quot;:&quot;&quot;,&quot;sizes&quot;:[]},&quot;_transform_scale_effect_hover_mobile&quot;:{&quot;unit&quot;:&quot;px&quot;,&quot;size&quot;:&quot;&quot;,&quot;sizes&quot;:[]}}\" href=\"https:\/\/euromirror.se\/?page_id=355\">\n\t\t\t\t<div class=\"elementor-element elementor-element-7276d7d elementor-widget elementor-widget-heading\" data-id=\"7276d7d\" data-element_type=\"widget\" data-widget_type=\"heading.default\">\n\t\t\t\t<div class=\"elementor-widget-container\">\n\t\t\t\t\t<h2 class=\"elementor-heading-title elementor-size-default\">\u00d6VRIGA SPEGLAR<\/h2>\t\t\t\t<\/div>\n\t\t\t\t<\/div>\n\t\t\t\t<\/a>\n\t\t\t\t<\/div>\n\t\t\t\t<section class=\"elementor-section elementor-top-section elementor-element elementor-element-6fmqx81 elementor-section-content-middle elementor-section-full_width elementor-section-height-default elementor-section-height-default\" data-id=\"6fmqx81\" data-element_type=\"section\" data-settings=\"{&quot;background_background&quot;:&quot;classic&quot;}\">\n\t\t\t\t\t\t<div class=\"elementor-container elementor-column-gap-no\">\n\t\t\t\t\t<div class=\"elementor-column elementor-col-50 elementor-top-column elementor-element elementor-element-23633a0 elementor-invisible\" data-id=\"23633a0\" data-element_type=\"column\" data-settings=\"{&quot;animation&quot;:&quot;slideInLeft&quot;}\">\n\t\t\t<div class=\"elementor-widget-wrap elementor-element-populated\">\n\t\t\t\t\t\t<div class=\"elementor-element elementor-element-b938e8f elementor-widget elementor-widget-heading\" data-id=\"b938e8f\" data-element_type=\"widget\" data-widget_type=\"heading.default\">\n\t\t\t\t<div class=\"elementor-widget-container\">\n\t\t\t\t\t<h2 class=\"elementor-heading-title elementor-size-default\">Vad \u00e4r Euromirror?<\/h2>\t\t\t\t<\/div>\n\t\t\t\t<\/div>\n\t\t\t\t<div class=\"elementor-element elementor-element-718ca85 elementor-widget elementor-widget-text-editor\" data-id=\"718ca85\" data-element_type=\"widget\" data-widget_type=\"text-editor.default\">\n\t\t\t\t<div class=\"elementor-widget-container\">\n\t\t\t\t\t\t\t\t\t<p><strong data-start=\"251\" data-end=\"265\">Euromirror<\/strong> \u00e4r en etablerad tillverkare av speglar f\u00f6r trafik-, industri- och butiksmilj\u00f6er. V\u00e5r produktion sker i Vittaryd, bel\u00e4get i Ljungby kommun i Sm\u00e5land \u2013 ett omr\u00e5de med stark tradition inom svensk industri. Samtliga produkter \u00e4r <strong data-start=\"491\" data-end=\"517\">helt svensktillverkade<\/strong>, vilket ger oss full kontroll \u00f6ver b\u00e5de kvalitet och leveranss\u00e4kerhet.<\/p><p>Verksamheten grundades redan 1977 under namnet St\u00e9en Industri och har sedan dess byggt upp en gedigen kompetens inom spegeltillverkning. \u00c5r 2019 f\u00f6rv\u00e4rvades verksamheten av <strong data-start=\"763\" data-end=\"776\">Pekuma AB<\/strong>, som har fortsatt att driva och vidareutveckla produktionen under varum\u00e4rket Euromirror.<\/p>\t\t\t\t\t\t\t\t<\/div>\n\t\t\t\t<\/div>\n\t\t\t\t<div class=\"elementor-element elementor-element-f8f1659 elementor-widget elementor-widget-button\" data-id=\"f8f1659\" data-element_type=\"widget\" data-widget_type=\"button.default\">\n\t\t\t\t<div class=\"elementor-widget-container\">\n\t\t\t\t\t\t\t\t\t<div class=\"elementor-button-wrapper\">\n\t\t\t\t\t<a class=\"elementor-button elementor-button-link elementor-size-sm\" href=\"#\">\n\t\t\t\t\t\t<span class=\"elementor-button-content-wrapper\">\n\t\t\t\t\t\t\t\t\t<span class=\"elementor-button-text\">Kontakta oss<\/span>\n\t\t\t\t\t<\/span>\n\t\t\t\t\t<\/a>\n\t\t\t\t<\/div>\n\t\t\t\t\t\t\t\t<\/div>\n\t\t\t\t<\/div>\n\t\t\t\t\t<\/div>\n\t\t<\/div>\n\t\t\t\t<div class=\"elementor-column elementor-col-50 elementor-top-column elementor-element elementor-element-1e5e5f9 elementor-invisible\" data-id=\"1e5e5f9\" data-element_type=\"column\" data-settings=\"{&quot;background_background&quot;:&quot;classic&quot;,&quot;animation&quot;:&quot;slideInRight&quot;}\">\n\t\t\t<div class=\"elementor-widget-wrap elementor-element-populated\">\n\t\t\t\t\t\t<div class=\"elementor-element elementor-element-024a506 elementor-widget elementor-widget-image\" data-id=\"024a506\" data-element_type=\"widget\" data-widget_type=\"image.default\">\n\t\t\t\t<div class=\"elementor-widget-container\">\n\t\t\t\t\t\t\t\t\t\t\t\t\t\t\t<img fetchpriority=\"high\" decoding=\"async\" width=\"709\" height=\"1071\" src=\"https:\/\/euromirror.se\/wp-content\/uploads\/2025\/05\/78f6c1_1130a047193b4098bc03db116459adbcmv2.webp\" class=\"attachment-full size-full wp-image-73\" alt=\"\" srcset=\"https:\/\/euromirror.se\/wp-content\/uploads\/2025\/05\/78f6c1_1130a047193b4098bc03db116459adbcmv2.webp 709w, https:\/\/euromirror.se\/wp-content\/uploads\/2025\/05\/78f6c1_1130a047193b4098bc03db116459adbcmv2-199x300.webp 199w, https:\/\/euromirror.se\/wp-content\/uploads\/2025\/05\/78f6c1_1130a047193b4098bc03db116459adbcmv2-678x1024.webp 678w\" sizes=\"(max-width: 709px) 100vw, 709px\" \/>\t\t\t\t\t\t\t\t\t\t\t\t\t\t\t<\/div>\n\t\t\t\t<\/div>\n\t\t\t\t\t<\/div>\n\t\t<\/div>\n\t\t\t\t\t<\/div>\n\t\t<\/section>\n\t\t<div class=\"elementor-element elementor-element-5b41db3 e-con-full e-flex elementor-invisible e-con e-parent\" data-id=\"5b41db3\" data-element_type=\"container\" data-settings=\"{&quot;animation&quot;:&quot;fadeInUp&quot;}\">\n\t\t<div class=\"elementor-element elementor-element-e782837 e-con-full e-flex e-con e-child\" data-id=\"e782837\" data-element_type=\"container\">\n\t\t\t\t<div class=\"elementor-element elementor-element-d4c5a08 elementor-widget elementor-widget-heading\" data-id=\"d4c5a08\" data-element_type=\"widget\" data-widget_type=\"heading.default\">\n\t\t\t\t<div class=\"elementor-widget-container\">\n\t\t\t\t\t<h2 class=\"elementor-heading-title elementor-size-default\">Hur s\u00e4ljs v\u00e5ra speglar?<\/h2>\t\t\t\t<\/div>\n\t\t\t\t<\/div>\n\t\t\t\t<div class=\"elementor-element elementor-element-a4e1452 elementor-widget__width-initial elementor-widget elementor-widget-text-editor\" data-id=\"a4e1452\" data-element_type=\"widget\" data-widget_type=\"text-editor.default\">\n\t\t\t\t<div class=\"elementor-widget-container\">\n\t\t\t\t\t\t\t\t\t<p>V\u00e5ra speglar och tillbeh\u00f6r s\u00e4ljs i huvudsak genom ett n\u00e4tverk av \u00e5terf\u00f6rs\u00e4ljare, b\u00e5de i Sverige och p\u00e5 exportmarknader. Tack vare v\u00e5r lokala produktion kan vi erbjuda h\u00f6g flexibilitet, korta leveranstider och en produktkvalitet som m\u00f6ter h\u00f6gt st\u00e4llda krav inom s\u00e4kerhet och funktion.<\/p><p>Oavsett om det handlar om att \u00f6ka s\u00e4kerheten i trafiken, f\u00f6rb\u00e4ttra \u00f6versikten i industrilokaler eller skapa tryggare butiksmilj\u00f6er, \u00e4r Euromirror ett tryggt val med l\u00e5ng erfarenhet och svensk kvalitet i varje detalj.<\/p>\t\t\t\t\t\t\t\t<\/div>\n\t\t\t\t<\/div>\n\t\t\t\t<\/div>\n\t\t<div class=\"elementor-element elementor-element-35aa411 e-con-full e-flex e-con e-child\" data-id=\"35aa411\" data-element_type=\"container\" data-settings=\"{&quot;background_background&quot;:&quot;classic&quot;}\">\n\t\t\t\t<div class=\"elementor-element elementor-element-36dd62d elementor-hidden-desktop elementor-widget elementor-widget-spacer\" data-id=\"36dd62d\" data-element_type=\"widget\" data-widget_type=\"spacer.default\">\n\t\t\t\t<div class=\"elementor-widget-container\">\n\t\t\t\t\t\t\t<div class=\"elementor-spacer\">\n\t\t\t<div class=\"elementor-spacer-inner\"><\/div>\n\t\t<\/div>\n\t\t\t\t\t\t<\/div>\n\t\t\t\t<\/div>\n\t\t\t\t<\/div>\n\t\t\t\t<\/div>\n\t\t\t\t<\/div>\n\t\t","protected":false},"excerpt":{"rendered":"<p>TRAFIKSPEGLAR INDUSTRISPEGLAR BUTIKSPEGLAR SPEGELKUPOLER GLAS-SPEGLAR \u00d6VRIGA SPEGLAR Vad \u00e4r Euromirror? Euromirror \u00e4r en etablerad tillverkare av speglar f\u00f6r trafik-, industri- [&hellip;]<\/p>\n","protected":false},"author":1,"featured_media":0,"parent":0,"menu_order":0,"comment_status":"closed","ping_status":"closed","template":"","meta":{"site-sidebar-layout":"no-sidebar","site-content-layout":"","ast-site-content-layout":"full-width-container","site-content-style":"default","site-sidebar-style":"default","ast-global-header-display":"","ast-banner-title-visibility":"","ast-main-header-display":"","ast-hfb-above-header-display":"","ast-hfb-below-header-display":"","ast-hfb-mobile-header-display":"","site-post-title":"disabled","ast-breadcrumbs-content":"","ast-featured-img":"disabled","footer-sml-layout":"","ast-disable-related-posts":"","theme-transparent-header-meta":"","adv-header-id-meta":"","stick-header-meta":"","header-above-stick-meta":"","header-main-stick-meta":"","header-below-stick-meta":"","astra-migrate-meta-layouts":"default","ast-page-background-enabled":"default","ast-page-background-meta":{"desktop":{"background-color":"var(--ast-global-color-5)","background-image":"","background-repeat":"repeat","background-position":"center center","background-size":"auto","background-attachment":"scroll","background-type":"","background-media":"","overlay-type":"","overlay-color":"","overlay-opacity":"","overlay-gradient":""},"tablet":{"background-color":"","background-image":"","background-repeat":"repeat","background-position":"center center","background-size":"auto","background-attachment":"scroll","background-type":"","background-media":"","overlay-type":"","overlay-color":"","overlay-opacity":"","overlay-gradient":""},"mobile":{"background-color":"","background-image":"","background-repeat":"repeat","background-position":"center center","background-size":"auto","background-attachment":"scroll","background-type":"","background-media":"","overlay-type":"","overlay-color":"","overlay-opacity":"","overlay-gradient":""}},"ast-content-background-meta":{"desktop":{"background-color":"var(--ast-global-color-4)","background-image":"","background-repeat":"repeat","background-position":"center center","background-size":"auto","background-attachment":"scroll","background-type":"","background-media":"","overlay-type":"","overlay-color":"","overlay-opacity":"","overlay-gradient":""},"tablet":{"background-color":"var(--ast-global-color-4)","background-image":"","background-repeat":"repeat","background-position":"center center","background-size":"auto","background-attachment":"scroll","background-type":"","background-media":"","overlay-type":"","overlay-color":"","overlay-opacity":"","overlay-gradient":""},"mobile":{"background-color":"var(--ast-global-color-4)","background-image":"","background-repeat":"repeat","background-position":"center center","background-size":"auto","background-attachment":"scroll","background-type":"","background-media":"","overlay-type":"","overlay-color":"","overlay-opacity":"","overlay-gradient":""}},"footnotes":""},"class_list":["post-21","page","type-page","status-publish","hentry"],"yoast_head":"<!-- This site is optimized with the Yoast SEO plugin v26.7 - https:\/\/yoast.com\/wordpress\/plugins\/seo\/ -->\n<title>Hem - Euromirror<\/title>\n<meta name=\"robots\" content=\"index, follow, max-snippet:-1, max-image-preview:large, max-video-preview:-1\" \/>\n<link rel=\"canonical\" href=\"https:\/\/euromirror.hemsida.eu\/\" \/>\n<meta property=\"og:locale\" content=\"sv_SE\" \/>\n<meta property=\"og:type\" content=\"article\" \/>\n<meta property=\"og:title\" content=\"Hem - Euromirror\" \/>\n<meta property=\"og:description\" content=\"TRAFIKSPEGLAR INDUSTRISPEGLAR BUTIKSPEGLAR SPEGELKUPOLER GLAS-SPEGLAR \u00d6VRIGA SPEGLAR Vad \u00e4r Euromirror? Euromirror \u00e4r en etablerad tillverkare av speglar f\u00f6r trafik-, industri- [&hellip;]\" \/>\n<meta property=\"og:url\" content=\"https:\/\/euromirror.hemsida.eu\/\" \/>\n<meta property=\"og:site_name\" content=\"Euromirror\" \/>\n<meta property=\"article:modified_time\" content=\"2025-05-16T07:54:35+00:00\" \/>\n<meta property=\"og:image\" content=\"https:\/\/euromirror.se\/wp-content\/uploads\/2025\/05\/78f6c1_1130a047193b4098bc03db116459adbcmv2.webp\" \/>\n\t<meta property=\"og:image:width\" content=\"709\" \/>\n\t<meta property=\"og:image:height\" content=\"1071\" \/>\n\t<meta property=\"og:image:type\" content=\"image\/webp\" \/>\n<meta name=\"twitter:card\" content=\"summary_large_image\" \/>\n<meta name=\"twitter:label1\" content=\"Ber\u00e4knad l\u00e4stid\" \/>\n\t<meta name=\"twitter:data1\" content=\"2 minuter\" \/>\n<script type=\"application\/ld+json\" class=\"yoast-schema-graph\">{\"@context\":\"https:\/\/schema.org\",\"@graph\":[{\"@type\":\"WebPage\",\"@id\":\"https:\/\/euromirror.hemsida.eu\/\",\"url\":\"https:\/\/euromirror.hemsida.eu\/\",\"name\":\"Hem - Euromirror\",\"isPartOf\":{\"@id\":\"https:\/\/euromirror.hemsida.eu\/#website\"},\"primaryImageOfPage\":{\"@id\":\"https:\/\/euromirror.hemsida.eu\/#primaryimage\"},\"image\":{\"@id\":\"https:\/\/euromirror.hemsida.eu\/#primaryimage\"},\"thumbnailUrl\":\"https:\/\/euromirror.se\/wp-content\/uploads\/2025\/05\/78f6c1_1130a047193b4098bc03db116459adbcmv2.webp\",\"datePublished\":\"2025-05-08T09:10:46+00:00\",\"dateModified\":\"2025-05-16T07:54:35+00:00\",\"breadcrumb\":{\"@id\":\"https:\/\/euromirror.hemsida.eu\/#breadcrumb\"},\"inLanguage\":\"sv-SE\",\"potentialAction\":[{\"@type\":\"ReadAction\",\"target\":[\"https:\/\/euromirror.hemsida.eu\/\"]}]},{\"@type\":\"ImageObject\",\"inLanguage\":\"sv-SE\",\"@id\":\"https:\/\/euromirror.hemsida.eu\/#primaryimage\",\"url\":\"https:\/\/euromirror.se\/wp-content\/uploads\/2025\/05\/78f6c1_1130a047193b4098bc03db116459adbcmv2.webp\",\"contentUrl\":\"https:\/\/euromirror.se\/wp-content\/uploads\/2025\/05\/78f6c1_1130a047193b4098bc03db116459adbcmv2.webp\",\"width\":709,\"height\":1071},{\"@type\":\"BreadcrumbList\",\"@id\":\"https:\/\/euromirror.hemsida.eu\/#breadcrumb\",\"itemListElement\":[{\"@type\":\"ListItem\",\"position\":1,\"name\":\"Hem\",\"item\":\"https:\/\/euromirror.hemsida.eu\/\"},{\"@type\":\"ListItem\",\"position\":2,\"name\":\"Hem\"}]},{\"@type\":\"WebSite\",\"@id\":\"https:\/\/euromirror.hemsida.eu\/#website\",\"url\":\"https:\/\/euromirror.hemsida.eu\/\",\"name\":\"Euromirror\",\"description\":\"\",\"publisher\":{\"@id\":\"https:\/\/euromirror.hemsida.eu\/#organization\"},\"potentialAction\":[{\"@type\":\"SearchAction\",\"target\":{\"@type\":\"EntryPoint\",\"urlTemplate\":\"https:\/\/euromirror.hemsida.eu\/?s={search_term_string}\"},\"query-input\":{\"@type\":\"PropertyValueSpecification\",\"valueRequired\":true,\"valueName\":\"search_term_string\"}}],\"inLanguage\":\"sv-SE\"},{\"@type\":\"Organization\",\"@id\":\"https:\/\/euromirror.hemsida.eu\/#organization\",\"name\":\"Euromirror\",\"url\":\"https:\/\/euromirror.hemsida.eu\/\",\"logo\":{\"@type\":\"ImageObject\",\"inLanguage\":\"sv-SE\",\"@id\":\"https:\/\/euromirror.hemsida.eu\/#\/schema\/logo\/image\/\",\"url\":\"https:\/\/euromirror.se\/wp-content\/uploads\/2025\/05\/cropped-Gibon-Router-2-e1747125349313.png\",\"contentUrl\":\"https:\/\/euromirror.se\/wp-content\/uploads\/2025\/05\/cropped-Gibon-Router-2-e1747125349313.png\",\"width\":992,\"height\":281,\"caption\":\"Euromirror\"},\"image\":{\"@id\":\"https:\/\/euromirror.hemsida.eu\/#\/schema\/logo\/image\/\"}}]}<\/script>\n<!-- \/ Yoast SEO plugin. -->","yoast_head_json":{"title":"Hem - Euromirror","robots":{"index":"index","follow":"follow","max-snippet":"max-snippet:-1","max-image-preview":"max-image-preview:large","max-video-preview":"max-video-preview:-1"},"canonical":"https:\/\/euromirror.hemsida.eu\/","og_locale":"sv_SE","og_type":"article","og_title":"Hem - Euromirror","og_description":"TRAFIKSPEGLAR INDUSTRISPEGLAR BUTIKSPEGLAR SPEGELKUPOLER GLAS-SPEGLAR \u00d6VRIGA SPEGLAR Vad \u00e4r Euromirror? Euromirror \u00e4r en etablerad tillverkare av speglar f\u00f6r trafik-, industri- [&hellip;]","og_url":"https:\/\/euromirror.hemsida.eu\/","og_site_name":"Euromirror","article_modified_time":"2025-05-16T07:54:35+00:00","og_image":[{"width":709,"height":1071,"url":"https:\/\/euromirror.se\/wp-content\/uploads\/2025\/05\/78f6c1_1130a047193b4098bc03db116459adbcmv2.webp","type":"image\/webp"}],"twitter_card":"summary_large_image","twitter_misc":{"Ber\u00e4knad l\u00e4stid":"2 minuter"},"schema":{"@context":"https:\/\/schema.org","@graph":[{"@type":"WebPage","@id":"https:\/\/euromirror.hemsida.eu\/","url":"https:\/\/euromirror.hemsida.eu\/","name":"Hem - Euromirror","isPartOf":{"@id":"https:\/\/euromirror.hemsida.eu\/#website"},"primaryImageOfPage":{"@id":"https:\/\/euromirror.hemsida.eu\/#primaryimage"},"image":{"@id":"https:\/\/euromirror.hemsida.eu\/#primaryimage"},"thumbnailUrl":"https:\/\/euromirror.se\/wp-content\/uploads\/2025\/05\/78f6c1_1130a047193b4098bc03db116459adbcmv2.webp","datePublished":"2025-05-08T09:10:46+00:00","dateModified":"2025-05-16T07:54:35+00:00","breadcrumb":{"@id":"https:\/\/euromirror.hemsida.eu\/#breadcrumb"},"inLanguage":"sv-SE","potentialAction":[{"@type":"ReadAction","target":["https:\/\/euromirror.hemsida.eu\/"]}]},{"@type":"ImageObject","inLanguage":"sv-SE","@id":"https:\/\/euromirror.hemsida.eu\/#primaryimage","url":"https:\/\/euromirror.se\/wp-content\/uploads\/2025\/05\/78f6c1_1130a047193b4098bc03db116459adbcmv2.webp","contentUrl":"https:\/\/euromirror.se\/wp-content\/uploads\/2025\/05\/78f6c1_1130a047193b4098bc03db116459adbcmv2.webp","width":709,"height":1071},{"@type":"BreadcrumbList","@id":"https:\/\/euromirror.hemsida.eu\/#breadcrumb","itemListElement":[{"@type":"ListItem","position":1,"name":"Hem","item":"https:\/\/euromirror.hemsida.eu\/"},{"@type":"ListItem","position":2,"name":"Hem"}]},{"@type":"WebSite","@id":"https:\/\/euromirror.hemsida.eu\/#website","url":"https:\/\/euromirror.hemsida.eu\/","name":"Euromirror","description":"","publisher":{"@id":"https:\/\/euromirror.hemsida.eu\/#organization"},"potentialAction":[{"@type":"SearchAction","target":{"@type":"EntryPoint","urlTemplate":"https:\/\/euromirror.hemsida.eu\/?s={search_term_string}"},"query-input":{"@type":"PropertyValueSpecification","valueRequired":true,"valueName":"search_term_string"}}],"inLanguage":"sv-SE"},{"@type":"Organization","@id":"https:\/\/euromirror.hemsida.eu\/#organization","name":"Euromirror","url":"https:\/\/euromirror.hemsida.eu\/","logo":{"@type":"ImageObject","inLanguage":"sv-SE","@id":"https:\/\/euromirror.hemsida.eu\/#\/schema\/logo\/image\/","url":"https:\/\/euromirror.se\/wp-content\/uploads\/2025\/05\/cropped-Gibon-Router-2-e1747125349313.png","contentUrl":"https:\/\/euromirror.se\/wp-content\/uploads\/2025\/05\/cropped-Gibon-Router-2-e1747125349313.png","width":992,"height":281,"caption":"Euromirror"},"image":{"@id":"https:\/\/euromirror.hemsida.eu\/#\/schema\/logo\/image\/"}}]}},"_links":{"self":[{"href":"https:\/\/euromirror.se\/index.php?rest_route=\/wp\/v2\/pages\/21","targetHints":{"allow":["GET"]}}],"collection":[{"href":"https:\/\/euromirror.se\/index.php?rest_route=\/wp\/v2\/pages"}],"about":[{"href":"https:\/\/euromirror.se\/index.php?rest_route=\/wp\/v2\/types\/page"}],"author":[{"embeddable":true,"href":"https:\/\/euromirror.se\/index.php?rest_route=\/wp\/v2\/users\/1"}],"replies":[{"embeddable":true,"href":"https:\/\/euromirror.se\/index.php?rest_route=%2Fwp%2Fv2%2Fcomments&post=21"}],"version-history":[{"count":70,"href":"https:\/\/euromirror.se\/index.php?rest_route=\/wp\/v2\/pages\/21\/revisions"}],"predecessor-version":[{"id":646,"href":"https:\/\/euromirror.se\/index.php?rest_route=\/wp\/v2\/pages\/21\/revisions\/646"}],"wp:attachment":[{"href":"https:\/\/euromirror.se\/index.php?rest_route=%2Fwp%2Fv2%2Fmedia&parent=21"}],"curies":[{"name":"wp","href":"https:\/\/api.w.org\/{rel}","templated":true}]}}